{"id":100,"date":"2012-12-01T15:19:25","date_gmt":"2012-12-01T08:19:25","guid":{"rendered":"http:\/\/xuanbichvietnam.net\/trangchu\/?page_id=100"},"modified":"2021-01-17T08:02:13","modified_gmt":"2021-01-17T01:02:13","slug":"gioi-thieu","status":"publish","type":"page","link":"https:\/\/xuanbichvietnam.net\/trangchu\/gioi-thieu\/","title":{"rendered":"Gi\u1edbi thi\u1ec7u"},"content":{"rendered":"<p style=\"text-align: justify;\">Trang&nbsp;web&nbsp;K\u00eanh Th\u00f4ng Tin <em>Xu\u00e2n B\u00edch Vi\u1ec7t Nam<\/em> l\u00e0 m\u1ed9t b\u01b0\u1edbc \u0111i t\u1ea5t y\u1ebfu c\u1ee7a t\u1ea7m quan tr\u1ecdng v\u00e0 s\u1ef1 ti\u1ebfn b\u1ed9 khoa hoc k\u1ef9 thu\u1eadt trong v\u1ea5n \u0111\u1ec1 truy\u1ec1n th\u00f4ng x\u00e3 h\u1ed9i (x. V\u0103n ki\u1ec7n <em><a href=\"http:\/\/www.chungnhanduckito.net\/tulieu\/giaohoi&amp;internet.htm\" target=\"_blank\" rel=\"noopener noreferrer\">Gi\u00e1o H\u1ed9i v\u00e0 Internet<\/a><\/em>, s\u1ed1 1). T\u1ea7m quan tr\u1ecdng n\u00e0y \u0111\u01b0\u1ee3c C\u00f4ng \u0111\u1ed3ng Vatican II di\u1ec5n t\u1ea3 b\u1eb1ng c\u1ea3 m\u1ed9t <a href=\"http:\/\/www.thanhlinh.net\/tailieu\/CDVatican2\/02_SLTruyenThong_Chuong2.htm\" target=\"_blank\" rel=\"noopener noreferrer\">S\u1eafc l\u1ec7nh <\/a><em>Inter Mirifica<\/em>, trong \u0111\u00f3 vi\u1ec7c truy\u1ec1n th\u00f4ng x\u00e3 h\u1ed9i \u0111\u00f3ng g\u00f3p ph\u1ea7n t\u00edch c\u1ef1c c\u1ee7a n\u00f3 v\u00e0o vi\u1ec7c loan b\u00e1o Tin M\u1eebng c\u1ee7a Ch\u00faa Kit\u00f4 v\u00e0 gi\u00fap ng\u01b0\u1eddi kit\u00f4 h\u1eefu \u0111\u1ed1i tho\u1ea1i v\u1edbi x\u00e3 h\u1ed9i&nbsp;v\u00e0 x\u00e2y d\u1ef1ng m\u1ed9t th\u1ebf gi\u1edbi \u00ab&nbsp;t\u00ecnh th\u01b0\u01a1ng&nbsp;\u00bb, \u00ab&nbsp;c\u00f4ng b\u1eb1ng&nbsp;\u00bb, \u00ab&nbsp;ch\u00e2n l\u00fd&nbsp;\u00bb, \u00ab&nbsp;t\u1ef1 do&nbsp;\u00bb v\u00e0 h\u00f2a b\u00ecnh (x. ph\u1ea7n gi\u1edbi thi\u1ec7u&nbsp;; xem th\u00eam V\u0103n ki\u1ec7n Gi\u00e1o H\u1ed9i v\u00e0 Internet, s\u1ed1 4). \u0110\u1eb7c bi\u1ec7t \u1edf s\u1ed1 13, S\u1eafc l\u1ec7nh vi\u1ebft&nbsp;: \u00ab&nbsp;<em>M\u1ecdi con c\u00e1i Gi\u00e1o H\u1ed9i ph\u1ea3i \u0111\u1ed3ng t\u00e2m hi\u1ec7p l\u1ef1c, ch\u1eb3ng nh\u1eefng kh\u00f4ng ng\u1ea7n ng\u1ea1i m\u00e0 c\u00f2n h\u1ebft s\u1ee9c h\u0103ng say, s\u1eed d\u1ee5ng ngay nh\u1eefng ph\u01b0\u01a1ng ti\u1ec7n truy\u1ec1n th\u00f4ng x\u00e3 h\u1ed9i c\u00e1ch \u0111\u1eafc l\u1ef1c v\u00e0o c\u00e1c c\u00f4ng vi\u1ec7c t\u00f4ng \u0111\u1ed3 kh\u00e1c nhau tu\u1ef3 theo nh\u1eefng \u0111\u00f2i h\u1ecfi c\u1ee5 th\u1ec3 c\u1ee7a ho\u00e0n c\u1ea3nh v\u00e0 th\u1eddi gian. H\u1ecd c\u0169ng ph\u1ea3i can&nbsp;\u0111\u1ea3m&nbsp;ng\u0103n ng\u1eeba nh\u1eefng s\u00e1ng ki\u1ebfn x\u1ea5u, nh\u1ea5t l\u00e0 \u1edf \u0111\u00e2u s\u1ef1 ti\u1ebfn b\u1ed9 lu\u00e2n l\u00fd v\u00e0 t\u00f4n gi\u00e1o&nbsp;\u0111\u00f2i h\u1ecfi s\u1ef1 can thi\u1ec7p c\u1ee7a h\u1ecd c\u00e1ch c\u1ea5p&nbsp;b\u00e1ch h\u01a1n<\/em>&nbsp;\u00bb. C\u0169ng trong \u0111\u01b0\u1eddng h\u01b0\u1edbng n\u00e0y, V\u0103n ki\u1ec7n Gi\u00e1o H\u1ed9i v\u00e0 Internet l\u1ea5y l\u1ea1i l\u1eddi kh\u1eb3ng \u0111\u1ecbnh m\u1ea1nh m\u1ebd c\u1ee7a \u0110\u1ee9c Phaol\u00f4 VI&nbsp;: \u00ab&nbsp;Gi\u00e1o H\u1ed9i \u201cc\u00f3 l\u1ed7i tr\u01b0\u1edbc m\u1eb7t Ch\u00faa\u201d n\u1ebfu kh\u00f4ng s\u1eed d\u1ee5ng c\u00e1c ph\u01b0\u01a1ng ti\u1ec7n truy\u1ec1n th\u00f4ng cho vi\u1ec7c truy\u1ec1n b\u00e1 Tin M\u1eebng \u00bb (s\u1ed1 4).<\/p>\n<p style=\"text-align: justify;\"><em>T\u1ef1a \u0111\u1ec1<\/em> c\u1ee7a&nbsp;trang Web l\u00e0 \u00ab&nbsp;K\u00eanh Th\u00f4ng Tin Xu\u00e2n B\u00edch Vi\u1ec7t Nam&nbsp;\u00bb. T\u1ef1a \u0111\u1ec1 n\u00e0y tr\u01b0\u1edbc ti\u00ean x\u00e1c \u0111\u1ecbnh ch\u1ee7 th\u1ec3 c\u1ee7a blog <em>l\u00e0 ai<\/em>. \u0110\u00f3 l\u00e0 Xu\u00e2n B\u00edch Vi\u1ec7t Nam. Xu\u00e2n B\u00edch Vi\u1ec7t Nam l\u00e0 H\u1ed9i c\u00e1c linh m\u1ee5c Xu\u00e2n B\u00edch Vi\u1ec7t Nam, c\u00f3 ngu\u1ed3n g\u1ed1c t\u1eeb Ph\u00e1p, do cha Jean-Jacques Olier s\u00e1ng l\u1eadp v\u00e0o th\u1ebf k\u1ef7 XVII v\u00e0 \u0111\u1ebfn Vi\u1ec7t Nam v\u00e0o \u0111\u1ea7u th\u1ebf k\u1ef7 XX. Hi\u1ec7n c\u00e1c Linh m\u1ee5c Xu\u00e2n B\u00edch Vi\u1ec7t Nam, do Cha Giuse H\u1ed3 Th\u1ee9 l\u00e0m \u0111\u1ea1i di\u1ec7n, \u0111\u01b0\u1ee3c&nbsp; giao ph\u00f3 tr\u00e1ch v\u1ee5 \u0111\u00e0o t\u1ea1o c\u00e1c linh m\u1ee5c t\u01b0\u01a1ng lai t\u1ea1i \u0110\u1ea1i Ch\u1ee7ng Vi\u1ec7n Hu\u1ebf, c\u1ee5 th\u1ec3 l\u00e0 c\u1ee7a c\u00e1c gi\u00e1o Ph\u1eadn Hu\u1ebf, \u0110\u00e0 N\u1eb5ng, Kontum v\u00e0 H\u01b0ng H\u00f3a. V\u00ec th\u1ebf, c\u00f3 ph\u1ee5 \u0111\u1ec1&nbsp;l\u00e0 \u0110\u1ea1i Ch\u1ee7ng Vi\u1ec7n Hu\u1ebf.<\/p>\n<p style=\"text-align: justify;\"><em>M\u1ee5c \u0111\u00edch<\/em> c\u1ee7a&nbsp;trang&nbsp;n\u00e0y c\u00f3 th\u1ec3 \u0111\u01b0\u1ee3c di\u1ec5n t\u1ea3 d\u01b0\u1edbi hai kh\u00eda c\u1ea1nh&nbsp;: h\u01b0\u1edbng n\u1ed9i v\u00e0 h\u01b0\u1edbng ngo\u1ea1i.<\/p>\n<p style=\"text-align: justify;\"><em>H\u01b0\u1edbng n\u1ed9i<\/em>&nbsp;: \u0110\u00e2y kh\u00f4ng ph\u1ea3i l\u00e0 m\u1ed9t&nbsp;website to l\u1edbn \u0111\u1ed3 s\u1ed9 nh\u01b0 bi\u1ebft bao&nbsp;websites kh\u00e1c, nh\u01b0ng tr\u01b0\u1edbc ti\u00ean n\u00f3 ch\u1ec9 l\u00e0 m\u1ed9t trang c\u00f3 t\u00ednh c\u00e1ch th\u00f4ng tin huynh \u0111\u1ec7 gi\u1eefa c\u00e1c anh em Xu\u00e2n B\u00edch Vi\u1ec7t Nam li\u00ean quan \u0111\u1ebfn nh\u1eefng sinh ho\u1ea1t, tin t\u1ee9c, \u0111\u00e0o t\u1ea1o\u2026c\u1ee7a Xu\u00e2n B\u00edch Vi\u1ec7t Nam, v\u00e0 qua \u0111\u00f3 c\u0169ng li\u00ean quan \u0111\u1ebfn H\u1ed9i Xu\u00e2n B\u00edch tr\u00ean th\u1ebf gi\u1edbi. N\u00f3 l\u00e0 m\u1ed9t nh\u1ecbp c\u1ea7u cho c\u00e1c linh m\u1ee5c Xu\u00e2n B\u00edch Vi\u1ec7t Nam \u0111ang s\u1ed1ng \u0111\u00e2y \u0111\u00f3 tr\u00ean th\u1ebf gi\u1edbi v\u00e0 c\u0169ng l\u00e0 m\u1ed9t nh\u1ecbp c\u1ea7u \u0111\u1ed1i v\u1edbi c\u00e1c linh m\u1ee5c Xu\u00e2n B\u00edch ho\u00e0n v\u0169.<\/p>\n<p style=\"text-align: justify;\"><em>H\u01b0\u1edbng ngo\u1ea1i<\/em>&nbsp;:&nbsp;Trang&nbsp;web K\u00eanh Th\u00f4ng Tin&nbsp;Xu\u00e2n B\u00edch Vi\u1ec7t Nam n\u00e0y c\u0169ng bi\u1ec3u l\u1ed9 m\u1ed9t th\u00e1i \u0111\u1ed9 m\u1edf ra cho th\u1ebf gi\u1edbi c\u1ee7a c\u00e1c Linh m\u1ee5c Xu\u00e2n B\u00edch Vi\u1ec7t Nam, \u0111\u1ec3 chia s\u1ebb v\u00e0 h\u1ecdc h\u1ecfi. N\u00f3 tr\u01b0\u1edbc ti\u00ean bi\u1ec3u l\u1ed9 m\u1ed9t s\u1ef1 hi\u1ec7p th\u00f4ng c\u00f9ng v\u1edbi Gi\u00e1o H\u1ed9i ho\u00e0n v\u0169 v\u00e0 Gi\u00e1o H\u1ed9i Vi\u1ec7t Nam,&nbsp;v\u00e0 qua \u0111\u00f3 n\u00f3 c\u0169ng chia s\u1ebb ni\u1ec1m vui v\u00e0 n\u1ed7i \u01b0u t\u01b0 c\u1ee7a Gi\u00e1o H\u1ed9i M\u1eb9 \u0111\u1ed1i v\u1edbi con ng\u01b0\u1eddi v\u00e0 th\u1ebf gi\u1edbi (x. GS 1, xem th\u00eam s\u1ed1 40-43). Nh\u01b0 th\u1ebf,&nbsp;n\u00f3 c\u0169ng l\u00e0 m\u1ed9t b\u01b0\u1edbc \u00ab&nbsp;ra kh\u01a1i&nbsp;\u00bb \u0111\u1ec3 hi\u1ec3u bi\u1ebft ni\u1ec1m vui v\u00e0 s\u1ef1 lo \u00e2u c\u1ee7a con ng\u01b0\u1eddi v\u00e0 th\u1ebf gi\u1edbi n\u00e0y, v\u00e0 qua \u0111\u00f3, n\u00f3 mu\u1ed1n, trong kh\u1ea3 n\u0103ng khi\u00eam t\u1ed1n v\u00e0 gi\u1edbi h\u1ea1n, x\u00e2y d\u1ef1ng v\u00e0 c\u1ea7u nguy\u1ec7n cho c\u00f4ng l\u00fd v\u00e0 h\u00f2a b\u00ecnh c\u1ee7a th\u1ebf gi\u1edbi, cho s\u1ef1 s\u1ed1ng chung h\u00e0i h\u00f2a gi\u1eefa c\u00e1c d\u00e2n t\u1ed9c, t\u00f4n gi\u00e1o, v\u0103n h\u00f3a\u2026, cho ph\u1ea9m gi\u00e1 c\u1ee7a con ng\u01b0\u1eddi \u0111\u01b0\u1ee3c t\u00f4n tr\u1ecdng. Nh\u01b0ng m\u1eb7t kh\u00e1c, b\u01b0\u1edbc \u00ab&nbsp;ra kh\u01a1i&nbsp;\u00bb n\u00e0y c\u0169ng l\u00e0 b\u01b0\u1edbc h\u1ecdc h\u1ecfi, v\u00ec n\u00f3 bi\u1ebft r\u1eb1ng n\u00f3 c\u00f3 th\u1ec3 l\u00e3nh nh\u1eadn \u0111\u01b0\u1ee3c nhi\u1ec1u b\u00e0i h\u1ecdc qu\u00fd gi\u00e1, nh\u1eefng tinh hoa m\u00e0 th\u1ebf gi\u1edbi mang l\u1ea1i (x. GS 44). N\u00f3 c\u0169ng gi\u00fap m\u1ecdi ng\u01b0\u1eddi hi\u1ec3u tinh th\u1ea7n v\u00e0 cu\u1ed9c s\u1ed1ng c\u1ee7a linh m\u1ee5c Xu\u00e2n B\u00edch.<\/p>\n<p style=\"text-align: justify;\">V\u00ec th\u1ebf,&nbsp;trang&nbsp;web&nbsp;n\u00e0y l\u00e0 \u0111\u1ec3 chia s\u1ebb v\u00e0 \u0111\u01b0\u1ee3c chia s\u1ebb. Tuy nhi\u00ean, v\u00ec gi\u1edbi h\u1ea1n c\u1ee7a n\u00f3, n\u00ean ch\u00fang t\u00f4i ch\u1ec9 th\u00f4ng tin r\u1ea5t h\u1ea1n ch\u1ebf. \u0110\u1eb7c bi\u1ec7t, tr\u00e1ch v\u1ee5 ch\u00ednh y\u1ebfu c\u1ee7a H\u1ed9i Linh M\u1ee5c Xu\u00e2n B\u00edch l\u00e0 <em>g\u00f3p ph\u1ea7n \u0111\u00e0o t\u1ea1o v\u00e0 \u0111\u1ed3ng h\u00e0nh v\u1edbi c\u00e1c linh m\u1ee5c, ch\u1ee7ng sinh<\/em>, m\u1ed9t&nbsp;\u01b0u t\u01b0 ch\u00ednh y\u1ebfu c\u1ee7a Gi\u00e1o H\u1ed9i C\u00f4ng Gi\u00e1o,&nbsp;n\u00ean&nbsp;website n\u00e0y s\u1ebd nh\u1ea5n m\u1ea1nh \u0111\u1ebfn <em>kh\u00eda c\u1ea1nh \u01a1n g\u1ecdi v\u00e0 \u0111\u1eddi s\u1ed1ng thi\u00eang li\u00eang, nh\u00e2n b\u1ea3n, tr\u00ed th\u1ee9c v\u00e0 m\u1ee5c v\u1ee5 c\u1ee7a vi\u1ec7c \u0111\u00e0o t\u1ea1o linh m\u1ee5c<\/em>, d\u00f9 kh\u00f4ng qu\u00ean c\u00e1c kh\u00eda c\u1ea1nh \u01a1n g\u1ecdi kh\u00e1c (gi\u00e1o d\u00e2n, tu s\u0129) c\u0169ng nh\u01b0 c\u00e1c l\u00e3nh v\u1ef1c tinh th\u1ea7n, x\u00e3 h\u1ed9i v\u00e0 tr\u00ed th\u1ee9c kh\u00e1c nhau.<\/p>\n<p style=\"text-align: justify;\">Ch\u00fang t\u00f4i c\u0169ng c\u00e1m \u01a1n nh\u1eefng b\u00e0i vi\u1ebft v\u00e0 th\u00f4ng tin c\u1ee7a c\u00e1c trang websites m\u00e0 ch\u00fang t\u00f4i chia s\u1ebb l\u1ea1i \u1edf \u0111\u00e2y v\u00e0 ch\u00fang t\u00f4i lu\u00f4n ghi r\u00f5 xu\u1ea5t x\u1ee9. C\u0169ng xin c\u00e1m \u01a1n qu\u00fd v\u1ecb \u0111\u00e3 \u0111\u1ebfn chia s\u1ebb trang&nbsp;thong tin&nbsp;n\u00e0y. R\u1ea5t h\u00e2n h\u1ea1nh nh\u1eadn \u0111\u01b0\u1ee3c s\u1ef1 \u0111\u00f3ng g\u00f3p v\u00e0 chia s\u1ebb c\u1ee7a qu\u00fd v\u1ecb, \u0111\u1eb7c bi\u1ec7t l\u00e0 c\u1ee7a c\u00e1c c\u1ef1u sinh vi\u00ean Xu\u00e2n B\u00edch. M\u1ecdi th\u00f4ng tin l\u1ea5y \u1edf&nbsp;trang&nbsp;web&nbsp;n\u00e0y c\u0169ng xin qu\u00fd v\u1ecb ghi r\u00f5 xu\u1ea5t x\u1ee9, \u0111i\u1ec1u \u0111\u00f3 ch\u1ec9 mu\u1ed1n n\u00f3i r\u1eb1ng ch\u00fang t\u00f4i s\u1ebd ch\u1ecbu tr\u00e1ch nhi\u1ec7m v\u1ec1 nh\u1eefng g\u00ec m\u00e0 ch\u00fang t\u00f4i \u0111\u00e3 \u0111\u0103ng. Nh\u1eefng t\u00e0i li\u1ec7u&nbsp;m\u00e0 ch\u00fang t\u00f4i gi\u1eef b\u1ea3n quy\u1ec1n v\u00e0 ph\u1ed5 bi\u1ebfn, qu\u00fd v\u1ecb c\u00f3 th\u1ec3 d\u00f9ng cho m\u1ee5c&nbsp;\u0111\u00edch th\u00f4ng tin hay&nbsp;h\u1ecdc h\u1ecfi, nh\u01b0ng kh\u00f4ng \u0111\u01b0\u1ee3c d\u00f9ng cho m\u1ee5c \u0111\u00edch th\u01b0\u01a1ng m\u1ea1i.<\/p>\n<p style=\"text-align: justify;\">\u0110\u1ec3 li\u00ean l\u1ea1c v\u1edbi ch\u00fang t\u00f4i, xin qu\u00fd v\u1ecb g\u1edfi v\u1ec1 \u0111\u1ecba ch\u1ec9 email n\u00e0y&nbsp;:<\/p>\n<p style=\"text-align: justify;\">&nbsp;<a href=\"mailto:xuanbichvietnam@gmail.com\">xuanbichvietnam@gmail.com<\/a><\/p>\n<p style=\"text-align: justify;\">ho\u1eb7c:<\/p>\n<p style=\"text-align: justify;\">dcvhue@gmail.com<\/p>\n<p style=\"text-align: justify;\">Xin Ch\u00faa v\u00e0 \u0110\u1ee9c M\u1eb9 La Vang ch\u00fac l\u00e0nh cho qu\u00fd v\u1ecb.<\/p>\n<p style=\"text-align: justify;\"><strong>BBT K\u00eanh Th\u00f4ng Tin Xu\u00e2n B\u00edch Vi\u1ec7t Nam v\u00e0 \u0110\u1ea1i Ch\u1ee7ng vi\u1ec7n Hu\u1ebf<br \/>\n<\/strong><\/p>\n<p style=\"text-align: center;\">&nbsp;<a href=\"http:\/\/xuanbichvietnam.net\/trangchu\/wp-content\/uploads\/2012\/12\/chuclanh.jpg\"><img loading=\"lazy\" decoding=\"async\" class=\"aligncenter\" title=\"chuclanh\" src=\"http:\/\/xuanbichvietnam.net\/trangchu\/wp-content\/uploads\/2012\/12\/chuclanh.jpg\" alt=\"\" width=\"476\" height=\"132\"><\/a><\/p>\n","protected":false},"excerpt":{"rendered":"<div class=\"mh-excerpt\"><p>Trang&nbsp;web&nbsp;K\u00eanh Th\u00f4ng Tin Xu\u00e2n B\u00edch Vi\u1ec7t Nam l\u00e0 m\u1ed9t b\u01b0\u1edbc \u0111i t\u1ea5t y\u1ebfu c\u1ee7a t\u1ea7m quan tr\u1ecdng v\u00e0 s\u1ef1 ti\u1ebfn b\u1ed9 khoa hoc k\u1ef9 thu\u1eadt <a class=\"mh-excerpt-more\" href=\"https:\/\/xuanbichvietnam.net\/trangchu\/gioi-thieu\/\" title=\"Gi\u1edbi thi\u1ec7u\">[&#8230;]<\/a><\/p>\n<\/div>","protected":false},"author":1,"featured_media":0,"parent":0,"menu_order":0,"comment_status":"open","ping_status":"open","template":"","meta":{"ngg_post_thumbnail":0,"footnotes":""},"class_list":["post-100","page","type-page","status-publish","hentry"],"_links":{"self":[{"href":"https:\/\/xuanbichvietnam.net\/trangchu\/wp-json\/wp\/v2\/pages\/100","targetHints":{"allow":["GET"]}}],"collection":[{"href":"https:\/\/xuanbichvietnam.net\/trangchu\/wp-json\/wp\/v2\/pages"}],"about":[{"href":"https:\/\/xuanbichvietnam.net\/trangchu\/wp-json\/wp\/v2\/types\/page"}],"author":[{"embeddable":true,"href":"https:\/\/xuanbichvietnam.net\/trangchu\/wp-json\/wp\/v2\/users\/1"}],"replies":[{"embeddable":true,"href":"https:\/\/xuanbichvietnam.net\/trangchu\/wp-json\/wp\/v2\/comments?post=100"}],"version-history":[{"count":9,"href":"https:\/\/xuanbichvietnam.net\/trangchu\/wp-json\/wp\/v2\/pages\/100\/revisions"}],"predecessor-version":[{"id":13724,"href":"https:\/\/xuanbichvietnam.net\/trangchu\/wp-json\/wp\/v2\/pages\/100\/revisions\/13724"}],"wp:attachment":[{"href":"https:\/\/xuanbichvietnam.net\/trangchu\/wp-json\/wp\/v2\/media?parent=100"}],"curies":[{"name":"wp","href":"https:\/\/api.w.org\/{rel}","templated":true}]}}