{"id":108,"date":"2012-12-01T15:20:23","date_gmt":"2012-12-01T08:20:23","guid":{"rendered":"http:\/\/xuanbichvietnam.net\/trangchu\/?page_id=108"},"modified":"2025-08-15T23:08:53","modified_gmt":"2025-08-15T16:08:53","slug":"ket-noi","status":"publish","type":"page","link":"https:\/\/xuanbichvietnam.net\/trangchu\/ket-noi\/","title":{"rendered":"K\u1ebft n\u1ed1i"},"content":{"rendered":"<h3><span style=\"color: #ff0000;\">1. H\u1ed9i Linh M\u1ee5c Xu\u00e2n B\u00edch<\/span><\/h3>\n<h3>* <a href=\"http:\/\/www.sulpiciens.org\/\" target=\"_blank\" rel=\"noopener noreferrer\">H\u1ed9i Linh M\u1ee5c Xu\u00e2n B\u00edch<\/a><\/h3>\n<h3>* T\u1ec9nh Ph\u00e1p (Tr\u1ee5 S\u1edf Trung \u01af\u01a1ng) : <a href=\"https:\/\/www.saintsulpicefrance.fr\/\" target=\"_blank\" rel=\"noopener noreferrer\">Ph\u00e1p<\/a>, <a href=\"https:\/\/xuanbichvietnam.net\/trangchu\/wp-login.php\" target=\"_blank\" rel=\"noopener\">Vi\u1ec7t Nam<\/a>, Congo, B\u00e9nin,&nbsp;Togo.<\/h3>\n<h3>* T\u1ec9nh Canada : <a href=\"http:\/\/www.sulpc.org\/index.html\" target=\"_blank\" rel=\"noopener noreferrer\">Canada<\/a>, <a href=\"http:\/\/www.sulpc.org\/mss_bogota.html\" target=\"_blank\" rel=\"noopener noreferrer\">Colombia<\/a>, <a href=\"http:\/\/www.sulpc.org\/sem_fukuoka.html\" target=\"_blank\" rel=\"noopener noreferrer\">Nh\u1eadt B\u1ea3n<\/a>.<\/h3>\n<h3>* T\u1ec9nh Hoa K\u1ef3 : <a href=\"http:\/\/www.sulpicians.org\/whoweare\/whoweare.html\" target=\"_blank\" rel=\"noopener noreferrer\">Hoa K\u1ef3<\/a>, Zambia<\/h3>\n<h3><span style=\"color: #ff0000;\">2. Tin T\u1ee9c<\/span><\/h3>\n<h3>* <a href=\"http:\/\/www.vatican.va\/\" target=\"_blank\" rel=\"noopener noreferrer\">Vatican<\/a> ; <a href=\"http:\/\/www2.clerus.org\/\" target=\"_blank\" rel=\"noopener noreferrer\">B\u1ed9 Gi\u00e1o S\u0129<\/a>; <a href=\"http:\/\/www.vatican.va\/news_services\/or\/or_eng\/index.html\" target=\"_blank\" rel=\"noopener noreferrer\">Osservatore Romano<\/a>; <a href=\"https:\/\/www.photo.va\/index.php\" target=\"_blank\" rel=\"noopener noreferrer\">Photo Vatican<\/a><\/h3>\n<h3>* <a href=\"http:\/\/www.news.va\/en\" target=\"_blank\" rel=\"noopener noreferrer\">NEWS.VA<\/a><\/h3>\n<h3>* <a href=\"http:\/\/zenit.org\/\" target=\"_blank\" rel=\"noopener noreferrer\">ZENIT<\/a><\/h3>\n<h3>* <a href=\"http:\/\/v3.hdgmvietnam.org\/\" target=\"_blank\" rel=\"noopener noreferrer\">H\u1ed9i \u0110\u1ed3ng Gi\u00e1m M\u1ee5c Vi\u1ec7t Nam<\/a>; <a href=\"http:\/\/hdgmvietnam.org\/\" target=\"_blank\" rel=\"noopener noreferrer\">Phi\u00ean b\u1ea3n m\u1edbi c\u1ee7a H\u0110GMVN<\/a><\/h3>\n<h3>* <a href=\"http:\/\/www.betrenthuongcap.net\/\" target=\"_blank\" rel=\"noopener noreferrer\">Li\u00ean Hi\u1ec7p B\u1ec1 Tr\u00ean Th\u01b0\u1ee3ng C\u1ea5p VN<\/a><\/h3>\n<h3>* <a href=\"http:\/\/vietvatican.net\/\" target=\"_blank\" rel=\"noopener noreferrer\">\u0110\u00e0i Vatican<\/a> ; <a href=\"http:\/\/www.oecumene.radiovaticana.org\/en1\/centro_TV.asp\" target=\"_blank\" rel=\"noopener noreferrer\">Vatican CTV<\/a><\/h3>\n<h3>* <a href=\"http:\/\/www.kinhthanhvn.org\/home.jhtml?locale=vi\" target=\"_blank\" rel=\"noopener noreferrer\">\u1ee6y ban Kinh Th\u00e1nh H\u0110GMVN<\/a><\/h3>\n<h3>* <a href=\"http:\/\/ubgmgiadinh.org\/\" target=\"_blank\" rel=\"noopener noreferrer\">\u1ee6y ban m\u1ee5c v\u1ee5 gia \u0111\u00ecnh H\u0110GMVN<\/a><\/h3>\n<h3><strong>* <a href=\"http:\/\/www.conglyvahoabinh.org\/\" target=\"_blank\" rel=\"noopener noreferrer\">\u1ee6y ban C\u00f4ng L\u00fd v\u00e0 H\u00f2a B\u00ecnh<\/a><\/strong><\/h3>\n<h3>* <a href=\"http:\/\/giaolyductin.net\/\" target=\"_blank\" rel=\"noopener noreferrer\"><strong>\u1ee6y ban Gi\u00e1o L\u00fd \u0110\u1ee9c Tin<\/strong><\/a><\/h3>\n<h3>* <strong><a href=\"http:\/\/kinhthanhchomoinguoi.org\/\" target=\"_blank\" rel=\"noopener noreferrer\">Nh\u00f3m Phi\u00ean d\u1ecbch C\u00e1c Gi\u1edd Kinh Ph\u1ee5ng V\u1ee5<\/a><\/strong><\/h3>\n<h3>* <a href=\"http:\/\/www.lavang.com.vn\/\" target=\"_blank\" rel=\"noopener noreferrer\">Linh \u0111\u1ecba La Vang<\/a><\/h3>\n<h3>* <a href=\"http:\/\/www.catholic.org.tw\/vntaiwan\/veritas\/index.html\" target=\"_blank\" rel=\"noopener noreferrer\">\u0110\u00e0i Ch\u00e2n L\u00fd \u00c1 Ch\u00e2u<\/a><\/h3>\n<h3>* <a href=\"http:\/\/www.dunglac.org\/\" target=\"_blank\" rel=\"noopener noreferrer\">D\u0169ng L\u1ea1c<\/a><\/h3>\n<h3>* <a href=\"http:\/\/www.la-croix.com\/\" target=\"_blank\" rel=\"noopener noreferrer\">B\u00e1o La Croix<\/a><\/h3>\n<h3>* <a href=\"http:\/\/www.mepasie.org\/\" target=\"_blank\" rel=\"noopener noreferrer\">H\u1ed9i Th\u1eeba Sai Paris<\/a><\/h3>\n<h3><span style=\"color: #ff0000;\">3. Kinh Th\u00e1nh<\/span><\/h3>\n<h3>* <a href=\"http:\/\/homelies.fr\/\" target=\"_blank\" rel=\"noopener noreferrer\">L\u1eddi Ch\u00faa M\u1ed7i Ng\u00e0y<\/a> (ti\u1ebfng Ph\u00e1p), <a href=\"http:\/\/v2.hdgmvietnam.org\/Default.aspx?tabid=105\" target=\"_blank\" rel=\"noopener noreferrer\">ti\u1ebfng Vi\u1ec7t<\/a>, <a href=\"http:\/\/v2.hdgmvietnam.org\/Default.aspx?tabid=106\" target=\"_blank\" rel=\"noopener noreferrer\">Ch\u00faa Nh\u1eadt<\/a>.<\/h3>\n<h3>* <a href=\"http:\/\/campus.udayton.edu\/mary\/aboutmary2.html\" target=\"_blank\" rel=\"noopener noreferrer\">H\u1ecdc H\u1ecfi V\u1ec1 \u0110\u1ee9c Maria<\/a> (Anh, Ph\u00e1p), <a href=\"http:\/\/www.mariedenazareth.com\/1.0.html?&amp;L=0\" target=\"_blank\" rel=\"noopener noreferrer\">Marie de Nazareth<\/a><\/h3>\n<h3>* Kinh Th\u00e1nh : <a href=\"http:\/\/www.vatican.va\/archive\/ENG0839\/_INDEX.HTM\" target=\"_blank\" rel=\"noopener noreferrer\">Anh Ng\u1eef<\/a>; <a href=\"http:\/\/www.catholic.org.tw\/vntaiwan\/vietbibl.htm\" target=\"_blank\" rel=\"noopener noreferrer\">Vi\u1ec7t Ng\u1eef<\/a> + <a href=\"http:\/\/giaoly.org\/tk.htm\" target=\"_blank\" rel=\"noopener noreferrer\">Vi\u1ec7t ng\u1eef<\/a>; <a href=\"http:\/\/www.topchretien.com\/topbible\/?\/bible\/\" target=\"_blank\" rel=\"noopener noreferrer\">Ph\u00e1p ng\u1eef<\/a> (audio).<\/h3>\n<h3>* <a href=\"http:\/\/www.lueur.org\/bible\/bible-chercher.php\" target=\"_blank\" rel=\"noopener noreferrer\">Concordance biblique<\/a><\/h3>\n<h3><span style=\"color: #ff0000;\"><strong>4. T\u1ef1 \u0110i\u1ec3n<\/strong><\/span><\/h3>\n<h3>* <a href=\"http:\/\/www.htth.org\/tu_vung_triet_than.htm\" target=\"_blank\" rel=\"noopener noreferrer\">T\u1ef1 \u0110i\u1ec3n Tri\u1ebft Th\u1ea7n<\/a><\/h3>\n<h3>* <a href=\"http:\/\/www.thanhlinh.net\/thanhkinh\/hochoi\/tudienabc.htm\">T\u1ef1 \u0110i\u1ec3n Th\u00e1nh Kinh<\/a><\/h3>\n<h3>* <a href=\"http:\/\/vdict.com\/?autotranslation\" target=\"_blank\" rel=\"noopener noreferrer\">T\u1ef1 \u0110i\u1ec3n Anh Ph\u00e1p Hoa Vi\u1ec7t<\/a><\/h3>\n<h3>* <a href=\"http:\/\/www.lexilogos.com\/vietnamien_dictionnaire.htm\" target=\"_blank\" rel=\"noopener noreferrer\">T\u1ef1 \u0110i\u1ec3n Vi\u1ec7t \u2013 Ph\u00e1p \u2013 Anh<\/a><\/h3>\n<h3>* <a href=\"http:\/\/www.bachkhoatoanthu.gov.vn\/news.aspx\" target=\"_blank\" rel=\"noopener noreferrer\">T\u1ef1 \u0110i\u1ec3n B\u00e1ch Khoa To\u00e0n Th\u01b0 Vi\u1ec7t Nam<\/a><\/h3>\n<h3>* <a href=\"http:\/\/www.newadvent.org\/cathen\/\" target=\"_blank\" rel=\"noopener noreferrer\">The Catholic Encyclopedia<\/a>.<\/h3>\n<h3>*<a href=\"http:\/\/vdict.com\/\" target=\"_blank\" rel=\"noopener noreferrer\"> T\u1ef1 \u0111i\u1ec3n Vdict : Anh, Ph\u00e1p, Vi\u1ec7t, Trung\u2026<\/a><\/h3>\n<h3>* T\u1ef1 \u0111i\u1ec3n L\u1ea1c Vi\u1ec7t <a href=\"http:\/\/www.vietgle.vn\/beta\/default.aspx\" target=\"_blank\" rel=\"noopener noreferrer\">Anh Vi\u1ec7t<\/a>; <a href=\"http:\/\/www.vietgle.vn\/beta\/default.aspx\" target=\"_blank\" rel=\"noopener noreferrer\">Song ng\u1eef<\/a><\/h3>\n<h3>* <a href=\"http:\/\/nomfoundation.org\/nomdb\/lookup.php\" target=\"_blank\" rel=\"noopener noreferrer\">Ch\u1eef N\u00f4m<\/a><\/h3>\n<h3>* <a href=\"http:\/\/www.informatik.uni-leipzig.de\/%7Educ\/Dict\/index.html\" target=\"_blank\" rel=\"noopener noreferrer\">Anh Ph\u00e1p \u0110\u1ee9c Nauy<\/a><\/h3>\n<h3>* <a href=\"http:\/\/www.thuvienhoasen.org\/index.htm\" target=\"_blank\" rel=\"noopener noreferrer\">T\u1ef1 \u0111i\u1ec3n Ph\u1eadt h\u1ecdc<\/a><\/h3>\n<h3>* H\u00e1n Vi\u1ec7t <a href=\"http:\/\/www27.brinkster.com\/hanosoft\/default.asp\" target=\"_blank\" rel=\"noopener noreferrer\">1<\/a>, <a href=\"http:\/\/perso.wanadoo.fr\/dang.tk\/langues\/hanviet.htm\" target=\"_blank\" rel=\"noopener noreferrer\">2<\/a><\/h3>\n<h3>* <a href=\"http:\/\/www.catholic.org.tw\/vntaiwan\/vntudien.htm\" target=\"_blank\" rel=\"noopener noreferrer\">Th\u1ea7n h\u1ecdc t\u00edn l\u00fd Anh Vi\u1ec7t<\/a><\/h3>\n<h3>* <a href=\"http:\/\/www.medisoft.com.vn\/medic.asp\" target=\"_blank\" rel=\"noopener noreferrer\">T\u1ef1 \u0111i\u1ec3n Y Khoa Anh Vi\u1ec7t<\/a><\/h3>\n<h3>* <a href=\"http:\/\/vietcatholic.net\/newsdictionary\/\" target=\"_blank\" rel=\"noopener noreferrer\">Thu\u1eadt ng\u1eef b\u00e1o ch\u00ed C\u00f4ng gi\u00e1o<\/a><\/h3>\n<h3><span style=\"color: #ff0000;\">5. Tham kh\u1ea3o<\/span><\/h3>\n<h3>* <a href=\"http:\/\/vbqppl3.moj.gov.vn\/law\/vi\/index_html\" target=\"_blank\" rel=\"noopener noreferrer\">V\u0103n B\u1ea3n Ph\u00e1p Lu\u1eadt Vi\u1ec7t Nam<\/a><\/h3>\n<h3>* <a href=\"http:\/\/clbnbtd.com\/modules.php?name=News&amp;op=viewst&amp;sid=673\" target=\"_blank\" rel=\"noopener noreferrer\">C\u00e1c v\u0103n b\u1ea3n Lu\u1eadt c\u1ee7a N\u01b0\u1edbc CHXHCNVN<\/a> (1945-2007)<\/h3>\n<h3>* <a href=\"http:\/\/www.vietnamhumanrights.net\/viet\/vintbill.htm\" target=\"_blank\" rel=\"noopener noreferrer\">Lu\u1eadt Qu\u1ed1c T\u1ebf Nh\u00e2n Quy\u1ec1n<\/a><\/h3>\n<p><span style=\"color: #ff0000;\"><strong>6. Gi\u00e1o H\u1ed9i C\u00f4ng Gi\u00e1o Vi\u1ec7t Nam<\/strong><\/span><\/p>\n<h3>*&nbsp;<a href=\"http:\/\/www.catholic.org.tw\/vntaiwan\/vnchurch\/vnchurch.htm\" target=\"_blank\" rel=\"noopener noreferrer\">L\u1ecbch s\u1eed Gi\u00e1o H\u1ed9i Vi\u1ec7t Nam<\/a>. <a href=\"http:\/\/www.catholic.org.tw\/vntaiwan\/ghvienam\/tudaovn.htm\" target=\"_blank\" rel=\"noopener noreferrer\">C\u00e1c th\u00e1nh t\u1eed v\u00ec \u0111\u1ea1o VN<\/a>.<\/h3>\n<h3>*&nbsp;<a href=\"http:\/\/www.catholic.org.tw\/vntaiwan\/vnchurch\/vnchurch.htm\" target=\"_blank\" rel=\"noopener noreferrer\">C\u00e1c Gi\u00e1o Ph\u1eadn Vi\u1ec7t Nam<\/a>.<\/h3>\n<h3>* <a href=\"http:\/\/v2.hdgmvietnam.org\/Default.aspx?tabid=91\" target=\"_blank\" rel=\"noopener noreferrer\">C\u00e1c t\u1ed5 ch\u1ee9c tu tr\u00ec \u1edf Vi\u1ec7t Nam<\/a>.<\/h3>\n<h3>* <a href=\"http:\/\/v2.hdgmvietnam.org\/Default.aspx?tabid=75\" target=\"_blank\" rel=\"noopener noreferrer\">C\u00e1c th\u01b0 chung c\u1ee7a H\u0110GM VN<\/a>.<\/h3>\n<h3><span style=\"color: #ff0000;\">8. Th\u00e1nh nh\u1ea1c + video<\/span><\/h3>\n<h3>* <a href=\"http:\/\/www.catruong.com\/baihat\/baihat.htm\" target=\"_blank\" rel=\"noopener noreferrer\">Nh\u00f3m Ca tr\u01b0\u1edfng<\/a> ; <a href=\"http:\/\/khuccamta.net\/4rum\/\" target=\"_blank\" rel=\"noopener noreferrer\">Kh\u00fac c\u1ea3m t\u1ea1<\/a>; <a href=\"http:\/\/thanhnhaconline.com\/\" target=\"_blank\" rel=\"noopener noreferrer\">Th\u00e1nh nh\u1ea1c online<\/a>; <a href=\"http:\/\/thanhcavietnam.org\/\" target=\"_blank\" rel=\"noopener noreferrer\">th\u00e1nh ca Vi\u1ec7t Nam<\/a><\/h3>\n<h3>* <a href=\"http:\/\/www.cdmedongcong.net\/PhimCongGiao\/index.htm\" target=\"_blank\" rel=\"noopener noreferrer\">Phim C\u00f4ng Gi\u00e1o<\/a><\/h3>\n<h3><span style=\"color: #ff0000;\">9. C\u00e1c trang websites th\u1eddi s\u1ef1 th\u1ea7n h\u1ecdc:<\/span><\/h3>\n<h3>* <a href=\"http:\/\/www.theologia.fr\/\" target=\"_blank\" rel=\"noopener noreferrer\">theologia.fr<\/a><\/h3>\n<h3>* <a href=\"http:\/\/www.c-b-f.org\/start.php?CONTID=16_00&amp;LANG=fr\" target=\"_blank\" rel=\"noopener noreferrer\">F\u00e9d\u00e9ration biblique catholique<\/a><\/h3>\n<h3>* <a href=\"http:\/\/www.catho-theo.net\/\" target=\"_blank\" rel=\"noopener noreferrer\">catho-theo.net<\/a><\/h3>\n<h3>* <a href=\"http:\/\/www.salvationhistory.com\/library\/index.cfm\" target=\"_blank\" rel=\"noopener noreferrer\">St Paul Center<\/a><\/h3>\n<h3>* <a href=\"http:\/\/www.catholic.net\/linksframe.phtml?link=http:\/\/communio-icr.com\" target=\"_blank\" rel=\"noopener noreferrer\">T\u1ea1p ch\u00ed Communio<\/a><\/h3>\n<h3><span style=\"color: #ff0000;\">10. Gi\u00e1o H\u1ed9i C\u00f4ng Gi\u00e1o Vi\u1ec7t Nam<\/span><\/h3>\n<h3>a. C\u00e1c gi\u00e1o ph\u1eadn<\/h3>\n<h3>1. <a href=\"http:\/\/tonggiaophanhanoi.org\/\" target=\"_blank\" rel=\"noopener noreferrer\">T\u1ed5ng gi\u00e1o ph\u1eadn H\u00e0 N\u1ed9i<\/a><\/h3>\n<h3>2. <a href=\"http:\/\/gpbanmethuot.vn\/\" target=\"_blank\" rel=\"noopener noreferrer\">Gi\u00e1o ph\u1eadn Ban M\u00ea Thu\u1ed9t<\/a><\/h3>\n<h3>3. <a href=\"http:\/\/www.simonhoadalat.com\/\" target=\"_blank\" rel=\"noopener noreferrer\">Gi\u00e1o ph\u1eadn \u0110\u00e0 L\u1ea1t<\/a><\/h3>\n<h3>4.&nbsp; <a href=\"http:\/\/www.giaophanlangson.org\/\" target=\"_blank\" rel=\"noopener noreferrer\">Gi\u00e1o ph\u1eadn L\u1ea1ng S\u01a1n<\/a><\/h3>\n<h3>5. <a href=\"http:\/\/www.gplongxuyen.net\/\" target=\"_blank\" rel=\"noopener noreferrer\">Gi\u00e1o ph\u1eadn Long Xuy\u00ean<\/a><\/h3>\n<h3>6. <a href=\"http:\/\/giaophanmytho.net\" target=\"_blank\" rel=\"noopener noreferrer\">Gi\u00e1o ph\u1eadn M\u1ef9 Tho<\/a><\/h3>\n<h3>7. <a href=\"http:\/\/www.gpnt.net\/\" target=\"_blank\" rel=\"noopener noreferrer\">Gi\u00e1o ph\u1eadn Nha Trang<\/a><\/h3>\n<h3>8. <a href=\"http:\/\/gpphucuong.net\/home\/index.php\/home\" target=\"_blank\" rel=\"noopener noreferrer\">Gi\u00e1o ph\u1eadn Ph\u00fa C\u01b0\u1eddng<\/a><\/h3>\n<h3>9. <a href=\"http:\/\/www.tgmtb.net\/\" target=\"_blank\" rel=\"noopener noreferrer\">Gi\u00e1o ph\u1eadn Th\u00e1i B\u00ecnh<\/a><\/h3>\n<h3>10. <a href=\"http:\/\/gpthanhhoa.org\/index.php\" target=\"_blank\" rel=\"noopener noreferrer\">Gi\u00e1o ph\u1eadn Thanh H\u00f3a<\/a><\/h3>\n<h3>11. <a href=\"http:\/\/www.giaophanvinh.net\/\" target=\"_blank\" rel=\"noopener noreferrer\">Gi\u00e1o ph\u1eadn Vinh<\/a><\/h3>\n<h3>12. <a href=\"http:\/\/www.giaophanvinhlong.net\/\" target=\"_blank\" rel=\"noopener noreferrer\">Gi\u00e1o ph\u1eadn V\u0129nh Long<\/a><\/h3>\n<h3>13. <a href=\"http:\/\/tonggiaophanhue.net\/home\/index.php\" target=\"_blank\" rel=\"noopener noreferrer\">Gi\u00e1o ph\u1eadn Hu\u1ebf<\/a><\/h3>\n<h3>14. <a href=\"http:\/\/hoiyemtrogiaophanbaria.org\/index_2.php\" target=\"_blank\" rel=\"noopener noreferrer\">Gi\u00e1o ph\u1eadn B\u00e0 R\u1ecba<\/a><\/h3>\n<h3>15. <strong><a href=\"http:\/\/www.tgpsaigon.net\/\" target=\"_blank\" rel=\"noopener noreferrer\">Tgp. Tp.HCM<\/a><\/strong><\/h3>\n<h3><strong>16. <a href=\"http:\/\/www.giaophandanang.org\/\" target=\"_blank\" rel=\"noopener noreferrer\">Gi\u00e1o ph\u1eadn \u0110\u00e0 N\u1eb5ng<\/a><\/strong><\/h3>\n<h3><strong>17. <a href=\"http:\/\/gpkontum.wordpress.com\/\" target=\"_blank\" rel=\"noopener noreferrer\">Gi\u00e1o ph\u1eadn Kon Tum<\/a><\/strong><\/h3>\n<h3><strong>18. <a href=\"http:\/\/gpphanthiet.com\/\" target=\"_blank\" rel=\"noopener noreferrer\">Gi\u00e1o ph\u1eadn Phan Thi\u1ebft<\/a><\/strong><\/h3>\n<h3><strong>19. <a href=\"http:\/\/gphaiphong.org\/vietnam\/\" target=\"_blank\" rel=\"noopener noreferrer\">Gi\u00e1o ph\u1eadn H\u1ea3i Ph\u00f2ng<\/a><\/strong><\/h3>\n<h3><strong>20. <a href=\"http:\/\/gpquinhon.org\/qn\/\" target=\"_blank\" rel=\"noopener noreferrer\">Gi\u00e1o ph\u1eadn Qui Nh\u01a1n<\/a><\/strong><\/h3>\n<h3>21. <a href=\"http:\/\/giaophanxuanloc.org\/\" target=\"_blank\" rel=\"noopener noreferrer\">Gi\u00e1o ph\u1eadn Xu\u00e2n L\u1ed9c<\/a><\/h3>\n<h3>b. C\u00e1c D\u00f2ng Tu &amp; \u0110\u1ea1i Ch\u1ee7ng Vi\u1ec7n<\/h3>\n<h3>1. <a href=\"http:\/\/www.dongten.net\/\" target=\"_blank\" rel=\"noopener noreferrer\">D\u00f2ng T\u00ean<\/a><\/h3>\n<h3>2. <a href=\"http:\/\/www.ofmvn.org\/\" target=\"_blank\" rel=\"noopener noreferrer\">D\u00f2ng Phanxic\u00f4<\/a><\/h3>\n<h3>3. <a href=\"http:\/\/www.daminhvn.com\/\" target=\"_blank\" rel=\"noopener noreferrer\">D\u00f2ng \u0110aminh<\/a><\/h3>\n<h3>4. <a href=\"http:\/\/dcctvn.net\/\" target=\"_blank\" rel=\"noopener noreferrer\">D\u00f2ng Ch\u00faa C\u1ee9u Th\u1ebf<\/a><\/h3>\n<h3>5. <a href=\"http:\/\/www.svdvie.110mb.com\/\" target=\"_blank\" rel=\"noopener noreferrer\">D\u00f2ng Ng\u00f4i L\u1eddi<\/a><\/h3>\n<h3>6. <a href=\"http:\/\/www.lsvn.info\/gs\/index.htm\" target=\"_blank\" rel=\"noopener noreferrer\">D\u00f2ng Lasan<\/a><\/h3>\n<h3>7. <a href=\"http:\/\/www.kytovua.conggiao.net\/kytovua\/index.php\" target=\"_blank\" rel=\"noopener noreferrer\">D\u00f2ng Kit\u00f4 Vua Vi\u1ec7t Nam<\/a><\/h3>\n<h3>8. <a href=\"http:\/\/dongthanhtam.net\/\" target=\"_blank\" rel=\"noopener noreferrer\">D\u00f2ng Th\u00e1nh T\u00e2m Hu\u1ebf<\/a><\/h3>\n<h3>9. <a href=\"http:\/\/www.tinmung.net\/\" target=\"_blank\" rel=\"noopener noreferrer\">D\u00f2ng \u0110\u1ed3ng C\u00f4ng<\/a><\/h3>\n<h3>10. <a href=\"http:\/\/dktnt.conggiaovn.net\/\" target=\"_blank\" rel=\"noopener noreferrer\">D\u00f2ng Khi\u1ebft T\u00e2m \u0110\u1ee9c M\u1eb9<\/a><\/h3>\n<h3>11. <a href=\"http:\/\/www.dongthanhgia.org\/\" target=\"_blank\" rel=\"noopener noreferrer\">D\u00f2ng Th\u00e1nh Gia<\/a><\/h3>\n<h3>12. <a href=\"http:\/\/www.dongcatminh.org\/\" target=\"_blank\" rel=\"noopener noreferrer\">D\u00f2ng C\u00e1t Minh<\/a><\/h3>\n<h3>13. <a href=\"http:\/\/mevetroi.org\/\" target=\"_blank\" rel=\"noopener noreferrer\">D\u00f2ng Augustin M\u1eb9 V\u1ec1 Tr\u1eddi<\/a><\/h3>\n<h3>14. <a href=\"http:\/\/donboscoviet.org.vn\/\" target=\"_blank\" rel=\"noopener noreferrer\">D\u00f2ng Don Bosco VN<\/a><\/h3>\n<h3><strong><a href=\"http:\/\/daichungvienvinhthanh.com\/\" target=\"_blank\" rel=\"noopener noreferrer\">15. \u0110\u1ea1i Ch\u1ee7ng Vi\u1ec7n Vinh Thanh<\/a><\/strong><\/h3>\n<p>16. <a href=\"http:\/\/www.dcvxuanloc.net\/dcv\/\" target=\"_blank\" rel=\"noopener noreferrer\"><strong>\u0110\u1ea1i Ch\u1ee7ng Vi\u1ec7n Xu\u00e2n L\u1ed9c<\/strong><\/a><\/p>\n<h3><span style=\"color: #ff0000;\">11. H\u1ecdc ngo\u1ea1i ng\u1eef<\/span><\/h3>\n<h3>1. H\u1ecdc ti\u1ebfng Anh<\/h3>\n<h3>a. <a href=\"http:\/\/www.tienganhonline.com\/component\/option,com_frontpage\/Itemid,1\/\" target=\"_blank\" rel=\"noopener noreferrer\">Ti\u1ebfng Anh Online<\/a><\/h3>\n<h3>b. Ti\u1ebfng Anh VOA: <a href=\"http:\/\/www.voanews.com\/vietnamese\/englishamericanstyle.cfm\" target=\"_blank\" rel=\"noopener noreferrer\">Th\u00e0nh ng\u1eef<\/a>, <a href=\"http:\/\/www.voanews.com\/specialenglish\/index.cfm\" target=\"_blank\" rel=\"noopener noreferrer\">Special English<\/a>, <a href=\"http:\/\/www.voanews.com\/vietnamese\/dynamic_english.cfm\" target=\"_blank\" rel=\"noopener noreferrer\">Anh ng\u1eef sinh \u0111\u1ed9ng<\/a><\/h3>\n<h3>c. <a href=\"http:\/\/www.bbc.co.uk\/vietnamese\/learningenglish\/\" target=\"_blank\" rel=\"noopener noreferrer\">Ti\u1ebfng Anh BBC<\/a><\/h3>\n<h3>2. H\u1ecdc ti\u1ebfng Ph\u00e1p : Nghe <a href=\"http:\/\/www.france-info.com\/\" target=\"_blank\" rel=\"noopener noreferrer\">radio<\/a>, <a href=\"http:\/\/www.rfi.fr\/lffr\/statiques\/accueil_apprendre.asp\" target=\"_blank\" rel=\"noopener noreferrer\">RFI<\/a>, <a href=\"http:\/\/www.bonjourdefrance.com\/\" target=\"_blank\" rel=\"noopener noreferrer\">bonjourdefrance<\/a><\/h3>\n<h3>3. <a href=\"http:\/\/www.bibliques.com\/hb\/lect00.php\" target=\"_blank\" rel=\"noopener noreferrer\">H\u1ecdc ti\u1ebfng Do Th\u00e1i<\/a><\/h3>\n<h3>4. <a href=\"http:\/\/www.bibliques.com\/weft\/gr\/glec0a.php\" target=\"_blank\" rel=\"noopener noreferrer\">H\u1ecdc ti\u1ebfng Hy L\u1ea1p<\/a><\/h3>\n<h3>5. <a href=\"http:\/\/vn.jpbasic.com\/\" target=\"_blank\" rel=\"noopener noreferrer\">H\u1ecdc ti\u1ebfng Nh\u1eadt<\/a><\/h3>\n<p><span style=\"color: #ff0000;\"><strong>12. Trang web ph\u00e1t h\u00e0nh s\u00e1ch v\u00e0 s\u1ea3n ph\u1ea9m C\u00f4ng gi\u00e1o tr\u1ef1c tuy\u1ebfn:<\/strong><\/span><\/p>\n<p><strong><a href=\"http:\/\/www.fatimacompany.com\/\" target=\"_blank\" rel=\"noopener noreferrer\">* FatimaCompany.com<\/a><\/strong><\/p>\n<p><strong><a href=\"http:\/\/www.catholic.org.tw\/vntaiwan\/giaoluat\/giaoluat.htm\" target=\"_blank\" rel=\"noopener noreferrer\">13. B\u1ed9 Gi\u00e1o Lu\u1eadt 1983<\/a><\/strong><\/p>\n<h3><span style=\"color: #ff0000;\">14. Li\u00ean l\u1ea1c v\u1edbi&nbsp; ch\u00fang t\u00f4i<\/span>:<\/h3>\n<h3><a href=\"mailto:xuanbichvietnam@gmail.com\">xuanbichvietnam@gmail.com<\/a><\/h3>\n<p>ho\u1eb7c:<\/p>\n<p>dcvhue@gmail.com<\/p>\n","protected":false},"excerpt":{"rendered":"<div class=\"mh-excerpt\"><p>1. H\u1ed9i Linh M\u1ee5c Xu\u00e2n B\u00edch * H\u1ed9i Linh M\u1ee5c Xu\u00e2n B\u00edch * T\u1ec9nh Ph\u00e1p (Tr\u1ee5 S\u1edf Trung \u01af\u01a1ng) : Ph\u00e1p, Vi\u1ec7t Nam, Congo, B\u00e9nin,&nbsp;Togo. <a class=\"mh-excerpt-more\" href=\"https:\/\/xuanbichvietnam.net\/trangchu\/ket-noi\/\" title=\"K\u1ebft n\u1ed1i\">[&#8230;]<\/a><\/p>\n<\/div>","protected":false},"author":1,"featured_media":0,"parent":0,"menu_order":0,"comment_status":"open","ping_status":"open","template":"","meta":{"ngg_post_thumbnail":0,"footnotes":""},"class_list":["post-108","page","type-page","status-publish","hentry"],"_links":{"self":[{"href":"https:\/\/xuanbichvietnam.net\/trangchu\/wp-json\/wp\/v2\/pages\/108","targetHints":{"allow":["GET"]}}],"collection":[{"href":"https:\/\/xuanbichvietnam.net\/trangchu\/wp-json\/wp\/v2\/pages"}],"about":[{"href":"https:\/\/xuanbichvietnam.net\/trangchu\/wp-json\/wp\/v2\/types\/page"}],"author":[{"embeddable":true,"href":"https:\/\/xuanbichvietnam.net\/trangchu\/wp-json\/wp\/v2\/users\/1"}],"replies":[{"embeddable":true,"href":"https:\/\/xuanbichvietnam.net\/trangchu\/wp-json\/wp\/v2\/comments?post=108"}],"version-history":[{"count":14,"href":"https:\/\/xuanbichvietnam.net\/trangchu\/wp-json\/wp\/v2\/pages\/108\/revisions"}],"predecessor-version":[{"id":36384,"href":"https:\/\/xuanbichvietnam.net\/trangchu\/wp-json\/wp\/v2\/pages\/108\/revisions\/36384"}],"wp:attachment":[{"href":"https:\/\/xuanbichvietnam.net\/trangchu\/wp-json\/wp\/v2\/media?parent=108"}],"curies":[{"name":"wp","href":"https:\/\/api.w.org\/{rel}","templated":true}]}}